{"id":684,"date":"2023-10-10T07:05:23","date_gmt":"2023-10-10T10:05:23","guid":{"rendered":"https:\/\/nowterapia.com.br\/?page_id=684"},"modified":"2023-10-16T10:54:55","modified_gmt":"2023-10-16T13:54:55","slug":"atendimento","status":"publish","type":"page","link":"https:\/\/nowterapia.com.br\/?page_id=684","title":{"rendered":"Atendimento"},"content":{"rendered":"\t\t<div data-elementor-type=\"wp-page\" data-elementor-id=\"684\" class=\"elementor elementor-684\" data-elementor-post-type=\"page\">\n\t\t\t\t<div class=\"elementor-element elementor-element-0faee77 e-flex e-con-boxed e-con e-parent\" data-id=\"0faee77\" data-element_type=\"container\" data-settings=\"{&quot;background_background&quot;:&quot;classic&quot;}\">\n\t\t\t\t\t<div class=\"e-con-inner\">\n\t\t<div class=\"elementor-element elementor-element-14bfe38 e-flex e-con-boxed e-con e-child\" data-id=\"14bfe38\" data-element_type=\"container\">\n\t\t\t\t\t<div class=\"e-con-inner\">\n\t\t\t\t\t<\/div>\n\t\t\t\t<\/div>\n\t\t\t\t\t<\/div>\n\t\t\t\t<\/div>\n\t\t<div class=\"elementor-element elementor-element-5bec941 e-flex e-con-boxed e-con e-parent\" data-id=\"5bec941\" data-element_type=\"container\">\n\t\t\t\t\t<div class=\"e-con-inner\">\n\t\t<div class=\"elementor-element elementor-element-6784062 e-con-full e-flex e-con e-child\" data-id=\"6784062\" data-element_type=\"container\">\n\t\t\t\t<div class=\"elementor-element elementor-element-e919be9 elementor-widget elementor-widget-heading\" data-id=\"e919be9\" data-element_type=\"widget\" data-widget_type=\"heading.default\">\n\t\t\t\t<div class=\"elementor-widget-container\">\n\t\t\t\t\t<h2 class=\"elementor-heading-title elementor-size-default\">Atendimento Presencial e Online<\/h2>\t\t\t\t<\/div>\n\t\t\t\t<\/div>\n\t\t\t\t<div class=\"elementor-element elementor-element-787b0bb elementor-widget elementor-widget-text-editor\" data-id=\"787b0bb\" data-element_type=\"widget\" data-widget_type=\"text-editor.default\">\n\t\t\t\t<div class=\"elementor-widget-container\">\n\t\t\t\t\t\t\t\t\tH\u00e1 algumas d\u00e9cadas, pesquisadores no campo da psican\u00e1lise v\u00eam apresentando argumentos favor\u00e1veis e contr\u00e1rios \u00e0 introdu\u00e7\u00e3o de tecnologia de comunica\u00e7\u00e3o nos tratamentos anal\u00edticos. Em 2020, entretanto, parece que as diverg\u00eancias foram momentaneamente deixadas de lado, j\u00e1 que o distanciamento social, recomenda\u00e7\u00e3o da OMS para conter a prolifera\u00e7\u00e3o da Covid-19, quase imp\u00f4s aos psicanalistas o atendimento intermediado por recursos tecnol\u00f3gicos. A situa\u00e7\u00e3o de pandemia vem nos ensinando que a an\u00e1lise a dist\u00e2ncia tem produzido resultados similares aos obtidos nos tratamentos em consult\u00f3rios, o que nos leva a crer que essa modalidade de atendimento veio para ficar.\t\t\t\t\t\t\t\t<\/div>\n\t\t\t\t<\/div>\n\t\t\t\t<\/div>\n\t\t<div class=\"elementor-element elementor-element-83d9777 e-con-full e-flex e-con e-child\" data-id=\"83d9777\" data-element_type=\"container\">\n\t\t\t\t<div class=\"elementor-element elementor-element-e9d2cf4 elementor-widget elementor-widget-image\" data-id=\"e9d2cf4\" data-element_type=\"widget\" data-widget_type=\"image.default\">\n\t\t\t\t<div class=\"elementor-widget-container\">\n\t\t\t\t\t\t\t\t\t\t\t\t\t\t\t<img fetchpriority=\"high\" decoding=\"async\" width=\"1024\" height=\"1024\" src=\"https:\/\/nowterapia.com.br\/wp-content\/uploads\/2023\/10\/now-terapia-online-imagem-atendimento-1024x1024.webp\" class=\"attachment-large size-large wp-image-693\" alt=\"\" srcset=\"https:\/\/nowterapia.com.br\/wp-content\/uploads\/2023\/10\/now-terapia-online-imagem-atendimento-1024x1024.webp 1024w, https:\/\/nowterapia.com.br\/wp-content\/uploads\/2023\/10\/now-terapia-online-imagem-atendimento-300x300.webp 300w, https:\/\/nowterapia.com.br\/wp-content\/uploads\/2023\/10\/now-terapia-online-imagem-atendimento-150x150.webp 150w, https:\/\/nowterapia.com.br\/wp-content\/uploads\/2023\/10\/now-terapia-online-imagem-atendimento-768x768.webp 768w, https:\/\/nowterapia.com.br\/wp-content\/uploads\/2023\/10\/now-terapia-online-imagem-atendimento.webp 1500w\" sizes=\"(max-width: 1024px) 100vw, 1024px\" \/>\t\t\t\t\t\t\t\t\t\t\t\t\t\t\t<\/div>\n\t\t\t\t<\/div>\n\t\t\t\t<\/div>\n\t\t<div class=\"elementor-element elementor-element-f874183 e-con-full e-flex e-con e-child\" data-id=\"f874183\" data-element_type=\"container\">\n\t\t\t\t<div class=\"elementor-element elementor-element-7c68f4c elementor-widget elementor-widget-heading\" data-id=\"7c68f4c\" data-element_type=\"widget\" data-widget_type=\"heading.default\">\n\t\t\t\t<div class=\"elementor-widget-container\">\n\t\t\t\t\t<h2 class=\"elementor-heading-title elementor-size-default\">Como funciona uma sess\u00e3o online?<\/h2>\t\t\t\t<\/div>\n\t\t\t\t<\/div>\n\t\t\t\t<div class=\"elementor-element elementor-element-32a86f1 elementor-widget elementor-widget-text-editor\" data-id=\"32a86f1\" data-element_type=\"widget\" data-widget_type=\"text-editor.default\">\n\t\t\t\t<div class=\"elementor-widget-container\">\n\t\t\t\t\t\t\t\t\tAnalista e paciente, ainda que estejam fisicamente distantes e at\u00e9 em fusos hor\u00e1rios diferentes, ficam conectados e podem se ver um ao outro na tela de seus dispositivos eletr\u00f4nicos. A voz e o olhar presentificam o corpo de ambos, o que nos autoriza a dizer que, nesse contexto, a ideia de presen\u00e7a do outro n\u00e3o \u00e9 puramente um dado subjetivo; ao contr\u00e1rio, psicanalista e psicanalisando est\u00e3o de fato presentes no espa\u00e7o virtual. Nesse contexto, seja dito de passagem, parece que o conceito tradicional de virtualidade se esvazia se considerarmos que o di\u00e1logo entre analista e analisando n\u00e3o \u00e9 uma potencialidade, mas sim uma realidade. Trata-se de um contato que se processa nos moldes de uma live, isto \u00e9, ao vivo, no momento mesmo em que est\u00e1 ocorrendo. \u00c9 fato, \u00e9 real! \t\t\t\t\t\t\t\t<\/div>\n\t\t\t\t<\/div>\n\t\t\t\t<div class=\"elementor-element elementor-element-0ed2511 elementor-widget elementor-widget-text-editor\" data-id=\"0ed2511\" data-element_type=\"widget\" data-widget_type=\"text-editor.default\">\n\t\t\t\t<div class=\"elementor-widget-container\">\n\t\t\t\t\t\t\t\t\tA an\u00e1lise, portanto, passa a ocorrer em uma \u201cpresen\u00e7a comunicativa\u201d. Em outras palavras, o tempo e o espa\u00e7o s\u00e3o transformados em uma conex\u00e3o simb\u00f3lica, que emerge no contato pela internet ou pelo telefone (CARLINO, 2011). \u00c9 precisamente nesse contato que cada participante do di\u00e1logo percebe a presen\u00e7a do outro, mesmo que n\u00e3o seja fisicamente. Dissipa-se, dessa forma, a impress\u00e3o de que, durante a intera\u00e7\u00e3o, o outro est\u00e1 longe ou ausente.\t\t\t\t\t\t\t\t<\/div>\n\t\t\t\t<\/div>\n\t\t\t\t<div class=\"elementor-element elementor-element-374278c elementor-widget elementor-widget-text-editor\" data-id=\"374278c\" data-element_type=\"widget\" data-widget_type=\"text-editor.default\">\n\t\t\t\t<div class=\"elementor-widget-container\">\n\t\t\t\t\t\t\t\t\tOs sonhos, os sintomas, a associa\u00e7\u00e3o livre (convite ao paciente para expressar tudo aquilo que passar pela sua mente durante a sess\u00e3o de an\u00e1lise) continuam sendo endere\u00e7ados ao analista, o qual permanece como causa da transfer\u00eancia \u2014 fen\u00f4meno em que o analisando apresenta ao psicanalista desejos, impress\u00f5es, sentimentos relativos aos primeiros objetos de amor (pai e m\u00e3e ou seus substitutos), revivendo-os e atualizando-os na sess\u00e3o de an\u00e1lise. O psicanalista, portanto, mant\u00e9m-se como o lugar ao qual o paciente endere\u00e7a as forma\u00e7\u00f5es do inconsciente.\t\t\t\t\t\t\t\t<\/div>\n\t\t\t\t<\/div>\n\t\t\t\t<div class=\"elementor-element elementor-element-d2c37a5 elementor-widget elementor-widget-text-editor\" data-id=\"d2c37a5\" data-element_type=\"widget\" data-widget_type=\"text-editor.default\">\n\t\t\t\t<div class=\"elementor-widget-container\">\n\t\t\t\t\t\t\t\t\tA mesma aten\u00e7\u00e3o flutuante (disponibilidade ps\u00edquica do analista para escutar as associa\u00e7\u00f5es livres do analisando) que ocorre nas sess\u00f5es em consult\u00f3rios \u00e9 preservada nos contatos on-line. O psicanalista dirige a sua escuta para a forma como o paciente relata os epis\u00f3dios da vida, a maneira como encadeia as cenas no relato. Por outros termos, o analista permanece \u00e0 busca do n\u00e3o dito, ou seja, da enuncia\u00e7\u00e3o \u2014 inst\u00e2ncia na qual o inconsciente se apresenta, e o desejo circula. \t\t\t\t\t\t\t\t<\/div>\n\t\t\t\t<\/div>\n\t\t\t\t<div class=\"elementor-element elementor-element-40878f1 elementor-widget elementor-widget-text-editor\" data-id=\"40878f1\" data-element_type=\"widget\" data-widget_type=\"text-editor.default\">\n\t\t\t\t<div class=\"elementor-widget-container\">\n\t\t\t\t\t\t\t\t\tCom rela\u00e7\u00e3o aos elementos do ato de comunica\u00e7\u00e3o, nada, ou quase nada, se altera. Os componentes paraverbais (tom de voz e ritmo da fala) e extra verbais (gestos, express\u00f5es, comportamento, risos, choros e qualquer outra manifesta\u00e7\u00e3o corporal que acompanha a fala) continuam a integrar a situa\u00e7\u00e3o anal\u00edtica e a constituir relevante material ps\u00edquico no qual o inconsciente pode emergir. N\u00e3o \u00e9 demais acrescentar que n\u00e3o ocorre modifica\u00e7\u00e3o no que se refere ao acolhimento (holding), ao trabalho de interpreta\u00e7\u00e3o e \u00e0 fun\u00e7\u00e3o de testemunha para o paciente.\t\t\t\t\t\t\t\t<\/div>\n\t\t\t\t<\/div>\n\t\t\t\t<div class=\"elementor-element elementor-element-bb47c88 elementor-widget elementor-widget-heading\" data-id=\"bb47c88\" data-element_type=\"widget\" data-widget_type=\"heading.default\">\n\t\t\t\t<div class=\"elementor-widget-container\">\n\t\t\t\t\t<h2 class=\"elementor-heading-title elementor-size-default\">Como fica o setting (arranjos pr\u00e1ticos para que a sess\u00e3o de an\u00e1lise aconte\u00e7a)?<\/h2>\t\t\t\t<\/div>\n\t\t\t\t<\/div>\n\t\t\t\t<div class=\"elementor-element elementor-element-25216b6 elementor-widget elementor-widget-text-editor\" data-id=\"25216b6\" data-element_type=\"widget\" data-widget_type=\"text-editor.default\">\n\t\t\t\t<div class=\"elementor-widget-container\">\n\t\t\t\t\t\t\t\t\tO setting engloba um m\u00e9todo, uma t\u00e9cnica e uma \u00e9tica, aspectos tamb\u00e9m preservados no atendimento on-line. Entretanto, caber\u00e1 ao paciente a tarefa de providenciar um ambiente de aconchego e intimidade, normalmente assegurado no setting tradicional (consult\u00f3rio). \u00c9 preciso tomar todos os cuidados para garantir a privacidade e evitar que a sess\u00e3o seja interrompida. Analista e paciente devem dispor de uma boa conex\u00e3o de internet a fim de que n\u00e3o ocorram inconsist\u00eancias t\u00e9cnicas que possam comprometer o andamento da sess\u00e3o. Contudo, caso ocorram imprevistos, \u00e9 aconselh\u00e1vel que eles sejam acolhidos, pois n\u00e3o se pode controlar o acaso. O inesperado pode irromper em qualquer lugar, inclusive no consult\u00f3rio.  \t\t\t\t\t\t\t\t<\/div>\n\t\t\t\t<\/div>\n\t\t\t\t<div class=\"elementor-element elementor-element-d645987 elementor-widget elementor-widget-heading\" data-id=\"d645987\" data-element_type=\"widget\" data-widget_type=\"heading.default\">\n\t\t\t\t<div class=\"elementor-widget-container\">\n\t\t\t\t\t<h2 class=\"elementor-heading-title elementor-size-default\">Vantagens do atendimento a dist\u00e2ncia<\/h2>\t\t\t\t<\/div>\n\t\t\t\t<\/div>\n\t\t\t\t<div class=\"elementor-element elementor-element-e3208b8 elementor-widget elementor-widget-text-editor\" data-id=\"e3208b8\" data-element_type=\"widget\" data-widget_type=\"text-editor.default\">\n\t\t\t\t<div class=\"elementor-widget-container\">\n\t\t\t\t\t\t\t\t\tVale ressaltar que as ferramentas tecnol\u00f3gicas de comunica\u00e7\u00e3o podem facilitar o tratamento anal\u00edtico de:\n<ul>\n \t<li>analisantes que precisam se ausentar da cidade de resid\u00eancia por um determinado per\u00edodo;<\/li>\n \t<li>pacientes brasileiros que residem no exterior e preferem ser atendidos por analistas tamb\u00e9m brasileiros (sujeitos que tenham adquirido a mesma l\u00edngua materna e se formado na mesma cultura);<\/li>\n \t<li>indiv\u00edduos que residem em cidades pequenas, onde n\u00e3o h\u00e1 psicanalistas;<\/li>\n \t<li>pacientes acamados ou com dificuldades para se locomover at\u00e9 o consult\u00f3rio.<\/li>\n<\/ul>\t\t\t\t\t\t\t\t<\/div>\n\t\t\t\t<\/div>\n\t\t\t\t<div class=\"elementor-element elementor-element-686735a elementor-widget elementor-widget-heading\" data-id=\"686735a\" data-element_type=\"widget\" data-widget_type=\"heading.default\">\n\t\t\t\t<div class=\"elementor-widget-container\">\n\t\t\t\t\t<h2 class=\"elementor-heading-title elementor-size-default\">Considera\u00e7\u00f5es finais\n<\/h2>\t\t\t\t<\/div>\n\t\t\t\t<\/div>\n\t\t\t\t<div class=\"elementor-element elementor-element-6ea7318 elementor-widget elementor-widget-text-editor\" data-id=\"6ea7318\" data-element_type=\"widget\" data-widget_type=\"text-editor.default\">\n\t\t\t\t<div class=\"elementor-widget-container\">\n\t\t\t\t\t\t\t\t\tPara finalizar, \u00e9 fundamental dizer que o tratamento psicanal\u00edtico precisa ser considerado em uma conjuntura de r\u00e1pidas transforma\u00e7\u00f5es tecnol\u00f3gicas, que se refletem fortemente na linguagem e na cultura em que os sujeitos s\u00e3o constitu\u00eddos. N\u00e3o est\u00e1 distante o tempo em que essa modalidade de atendimento ser\u00e1 a preferida de indiv\u00edduos super-habituados aos aparatos eletr\u00f4nicos, \u00e0s conex\u00f5es de internet, aos contatos a dist\u00e2ncia. \t\t\t\t\t\t\t\t<\/div>\n\t\t\t\t<\/div>\n\t\t\t\t<div class=\"elementor-element elementor-element-9188664 elementor-widget elementor-widget-text-editor\" data-id=\"9188664\" data-element_type=\"widget\" data-widget_type=\"text-editor.default\">\n\t\t\t\t<div class=\"elementor-widget-container\">\n\t\t\t\t\t\t\t\t\tSe a an\u00e1lise on-line vinha sendo uma pr\u00e1tica experimental nas \u00faltimas d\u00e9cadas, circunscrita a um pequeno grupo de analistas, o cen\u00e1rio mudou de forma bastante relevante no contexto da pandemia de coronav\u00edrus. N\u00e3o h\u00e1 d\u00favida de que essa modalidade de atendimento se difundiu no \u00faltimo ano e h\u00e1 uma alt\u00edssima probabilidade de que ela seja incorporada definitivamente ao cotidiano de um grande n\u00famero de psicanalistas. \t\t\t\t\t\t\t\t<\/div>\n\t\t\t\t<\/div>\n\t\t\t\t<div class=\"elementor-element elementor-element-f63e034 elementor-widget elementor-widget-text-editor\" data-id=\"f63e034\" data-element_type=\"widget\" data-widget_type=\"text-editor.default\">\n\t\t\t\t<div class=\"elementor-widget-container\">\n\t\t\t\t\t\t\t\t\tAs experi\u00eancias dos \u00faltimos meses talvez possam responder, em um curto espa\u00e7o de tempo, se a an\u00e1lise por v\u00eddeo equivale \u00e0quela praticada em consult\u00f3rios, no div\u00e3.  Entretanto, com ou sem essa resposta, a verdade \u00e9 que atualmente os analistas t\u00eam enfrentando essa nova realidade e ter\u00e3o de decidir se v\u00e3o ou n\u00e3o recusar essa nova forma de trabalho.\t\t\t\t\t\t\t\t<\/div>\n\t\t\t\t<\/div>\n\t\t\t\t<\/div>\n\t\t\t\t\t<\/div>\n\t\t\t\t<\/div>\n\t\t\t\t<\/div>\n\t\t","protected":false},"excerpt":{"rendered":"<p>Atendimento Presencial e Online H\u00e1 algumas d\u00e9cadas, pesquisadores no campo da psican\u00e1lise v\u00eam apresentando argumentos favor\u00e1veis e contr\u00e1rios \u00e0 introdu\u00e7\u00e3o de tecnologia de comunica\u00e7\u00e3o nos tratamentos anal\u00edticos. Em 2020, entretanto, parece que as diverg\u00eancias foram momentaneamente deixadas de lado, j\u00e1 que o distanciamento social, recomenda\u00e7\u00e3o da OMS para conter a prolifera\u00e7\u00e3o da Covid-19, quase imp\u00f4s [&hellip;]<\/p>\n","protected":false},"author":2,"featured_media":0,"parent":0,"menu_order":0,"comment_status":"closed","ping_status":"closed","template":"elementor_header_footer","meta":{"site-sidebar-layout":"no-sidebar","site-content-layout":"","ast-site-content-layout":"full-width-container","site-content-style":"default","site-sidebar-style":"default","ast-global-header-display":"","ast-banner-title-visibility":"","ast-main-header-display":"","ast-hfb-above-header-display":"","ast-hfb-below-header-display":"","ast-hfb-mobile-header-display":"","site-post-title":"disabled","ast-breadcrumbs-content":"","ast-featured-img":"disabled","footer-sml-layout":"","theme-transparent-header-meta":"","adv-header-id-meta":"","stick-header-meta":"","header-above-stick-meta":"","header-main-stick-meta":"","header-below-stick-meta":"","astra-migrate-meta-layouts":"default","ast-page-background-enabled":"default","ast-page-background-meta":{"desktop":{"background-color":"var(--ast-global-color-4)","background-image":"","background-repeat":"repeat","background-position":"center center","background-size":"auto","background-attachment":"scroll","background-type":"","background-media":"","overlay-type":"","overlay-color":"","overlay-opacity":"","overlay-gradient":""},"tablet":{"background-color":"","background-image":"","background-repeat":"repeat","background-position":"center center","background-size":"auto","background-attachment":"scroll","background-type":"","background-media":"","overlay-type":"","overlay-color":"","overlay-opacity":"","overlay-gradient":""},"mobile":{"background-color":"","background-image":"","background-repeat":"repeat","background-position":"center center","background-size":"auto","background-attachment":"scroll","background-type":"","background-media":"","overlay-type":"","overlay-color":"","overlay-opacity":"","overlay-gradient":""}},"ast-content-background-meta":{"desktop":{"background-color":"var(--ast-global-color-5)","background-image":"","background-repeat":"repeat","background-position":"center center","background-size":"auto","background-attachment":"scroll","background-type":"","background-media":"","overlay-type":"","overlay-color":"","overlay-opacity":"","overlay-gradient":""},"tablet":{"background-color":"var(--ast-global-color-5)","background-image":"","background-repeat":"repeat","background-position":"center center","background-size":"auto","background-attachment":"scroll","background-type":"","background-media":"","overlay-type":"","overlay-color":"","overlay-opacity":"","overlay-gradient":""},"mobile":{"background-color":"var(--ast-global-color-5)","background-image":"","background-repeat":"repeat","background-position":"center center","background-size":"auto","background-attachment":"scroll","background-type":"","background-media":"","overlay-type":"","overlay-color":"","overlay-opacity":"","overlay-gradient":""}},"footnotes":""},"class_list":["post-684","page","type-page","status-publish","hentry"],"_links":{"self":[{"href":"https:\/\/nowterapia.com.br\/index.php?rest_route=\/wp\/v2\/pages\/684","targetHints":{"allow":["GET"]}}],"collection":[{"href":"https:\/\/nowterapia.com.br\/index.php?rest_route=\/wp\/v2\/pages"}],"about":[{"href":"https:\/\/nowterapia.com.br\/index.php?rest_route=\/wp\/v2\/types\/page"}],"author":[{"embeddable":true,"href":"https:\/\/nowterapia.com.br\/index.php?rest_route=\/wp\/v2\/users\/2"}],"replies":[{"embeddable":true,"href":"https:\/\/nowterapia.com.br\/index.php?rest_route=%2Fwp%2Fv2%2Fcomments&post=684"}],"version-history":[{"count":19,"href":"https:\/\/nowterapia.com.br\/index.php?rest_route=\/wp\/v2\/pages\/684\/revisions"}],"predecessor-version":[{"id":836,"href":"https:\/\/nowterapia.com.br\/index.php?rest_route=\/wp\/v2\/pages\/684\/revisions\/836"}],"wp:attachment":[{"href":"https:\/\/nowterapia.com.br\/index.php?rest_route=%2Fwp%2Fv2%2Fmedia&parent=684"}],"curies":[{"name":"wp","href":"https:\/\/api.w.org\/{rel}","templated":true}]}}