{"id":548,"date":"2023-10-06T11:10:08","date_gmt":"2023-10-06T14:10:08","guid":{"rendered":"https:\/\/nowterapia.com.br\/?page_id=548"},"modified":"2024-04-22T07:09:50","modified_gmt":"2024-04-22T10:09:50","slug":"o-que-e-psicanalise","status":"publish","type":"page","link":"https:\/\/nowterapia.com.br\/?page_id=548","title":{"rendered":"O que \u00e9 a psican\u00e1lise?"},"content":{"rendered":"\t\t<div data-elementor-type=\"wp-page\" data-elementor-id=\"548\" class=\"elementor elementor-548\" data-elementor-post-type=\"page\">\n\t\t\t\t<div class=\"elementor-element elementor-element-d341fbd e-flex e-con-boxed e-con e-parent\" data-id=\"d341fbd\" data-element_type=\"container\" data-settings=\"{&quot;background_background&quot;:&quot;classic&quot;}\">\n\t\t\t\t\t<div class=\"e-con-inner\">\n\t\t<div class=\"elementor-element elementor-element-dade735 e-flex e-con-boxed e-con e-child\" data-id=\"dade735\" data-element_type=\"container\">\n\t\t\t\t\t<div class=\"e-con-inner\">\n\t\t\t\t\t<\/div>\n\t\t\t\t<\/div>\n\t\t\t\t\t<\/div>\n\t\t\t\t<\/div>\n\t\t<div class=\"elementor-element elementor-element-c14d8ea e-flex e-con-boxed e-con e-parent\" data-id=\"c14d8ea\" data-element_type=\"container\">\n\t\t\t\t\t<div class=\"e-con-inner\">\n\t\t<div class=\"elementor-element elementor-element-9552b24 e-con-full e-flex e-con e-child\" data-id=\"9552b24\" data-element_type=\"container\">\n\t\t\t\t<div class=\"elementor-element elementor-element-9baba2f elementor-widget elementor-widget-text-editor\" data-id=\"9baba2f\" data-element_type=\"widget\" data-widget_type=\"text-editor.default\">\n\t\t\t\t<div class=\"elementor-widget-container\">\n\t\t\t\t\t\t\t\t\tCriada pelo neurologista austr\u00edaco Sigmund Freud (1856 \u2013 1939), a psican\u00e1lise se baseia numa investiga\u00e7\u00e3o cl\u00ednica dos processos mentais inconscientes do sujeito. Isso se d\u00e1, sobretudo, por meio da associa\u00e7\u00e3o livre: um convite ao analisando para expressar tudo aquilo que passa pela sua mente durante uma sess\u00e3o de an\u00e1lise.\t\t\t\t\t\t\t\t<\/div>\n\t\t\t\t<\/div>\n\t\t\t\t<div class=\"elementor-element elementor-element-96eff5f elementor-widget elementor-widget-text-editor\" data-id=\"96eff5f\" data-element_type=\"widget\" data-widget_type=\"text-editor.default\">\n\t\t\t\t<div class=\"elementor-widget-container\">\n\t\t\t\t\t\t\t\t\tNo processo anal\u00edtico, s\u00e3o utilizados m\u00e9todos espec\u00edficos, desenvolvidos a partir de teorias s\u00f3lidas inicialmente criadas por Freud e posteriormente revisadas e ampliadas por v\u00e1rios outros psicanalistas: Ferenczi, Melanie Klein, Lacan, Winnicott, Bion, Balint, Green, Bollas, entre outros.\t\t\t\t\t\t\t\t<\/div>\n\t\t\t\t<\/div>\n\t\t\t\t<div class=\"elementor-element elementor-element-dec15c3 elementor-widget elementor-widget-text-editor\" data-id=\"dec15c3\" data-element_type=\"widget\" data-widget_type=\"text-editor.default\">\n\t\t\t\t<div class=\"elementor-widget-container\">\n\t\t\t\t\t\t\t\t\tO tratamento psicanal\u00edtico possibilita ao indiv\u00edduo entender seus conflitos e seus desejos, ressignificando-os de modo a ficar em paz consigo mesmo e a lidar melhor com as varia\u00e7\u00f5es da vida.\t\t\t\t\t\t\t\t<\/div>\n\t\t\t\t<\/div>\n\t\t\t\t<\/div>\n\t\t<div class=\"elementor-element elementor-element-853db9a e-con-full e-flex e-con e-child\" data-id=\"853db9a\" data-element_type=\"container\">\n\t\t\t\t<div class=\"elementor-element elementor-element-5415087 elementor-widget elementor-widget-image\" data-id=\"5415087\" data-element_type=\"widget\" data-widget_type=\"image.default\">\n\t\t\t\t<div class=\"elementor-widget-container\">\n\t\t\t\t\t\t\t\t\t\t\t\t\t\t\t<img fetchpriority=\"high\" decoding=\"async\" width=\"1550\" height=\"2296\" src=\"https:\/\/nowterapia.com.br\/wp-content\/uploads\/2023\/10\/imagem-o-que-e-a-psicanalise-online-simund-freud.webp\" class=\"attachment-full size-full wp-image-565\" alt=\"\" srcset=\"https:\/\/nowterapia.com.br\/wp-content\/uploads\/2023\/10\/imagem-o-que-e-a-psicanalise-online-simund-freud.webp 1550w, https:\/\/nowterapia.com.br\/wp-content\/uploads\/2023\/10\/imagem-o-que-e-a-psicanalise-online-simund-freud-203x300.webp 203w, https:\/\/nowterapia.com.br\/wp-content\/uploads\/2023\/10\/imagem-o-que-e-a-psicanalise-online-simund-freud-691x1024.webp 691w, https:\/\/nowterapia.com.br\/wp-content\/uploads\/2023\/10\/imagem-o-que-e-a-psicanalise-online-simund-freud-768x1138.webp 768w, https:\/\/nowterapia.com.br\/wp-content\/uploads\/2023\/10\/imagem-o-que-e-a-psicanalise-online-simund-freud-1037x1536.webp 1037w, https:\/\/nowterapia.com.br\/wp-content\/uploads\/2023\/10\/imagem-o-que-e-a-psicanalise-online-simund-freud-1383x2048.webp 1383w\" sizes=\"(max-width: 1550px) 100vw, 1550px\" \/>\t\t\t\t\t\t\t\t\t\t\t\t\t\t\t<\/div>\n\t\t\t\t<\/div>\n\t\t\t\t<\/div>\n\t\t\t\t\t<\/div>\n\t\t\t\t<\/div>\n\t\t<div class=\"elementor-element elementor-element-335160d e-flex e-con-boxed e-con e-parent\" data-id=\"335160d\" data-element_type=\"container\" data-settings=\"{&quot;background_background&quot;:&quot;classic&quot;}\">\n\t\t\t\t\t<div class=\"e-con-inner\">\n\t\t<div class=\"elementor-element elementor-element-dd8ca9c e-con-full e-flex e-con e-child\" data-id=\"dd8ca9c\" data-element_type=\"container\">\n\t\t\t\t<div class=\"elementor-element elementor-element-c6afed8 elementor-widget elementor-widget-image\" data-id=\"c6afed8\" data-element_type=\"widget\" data-widget_type=\"image.default\">\n\t\t\t\t<div class=\"elementor-widget-container\">\n\t\t\t\t\t\t\t\t\t\t\t\t\t\t\t<img decoding=\"async\" width=\"691\" height=\"1024\" src=\"https:\/\/nowterapia.com.br\/wp-content\/uploads\/2023\/10\/imagem-o-que-e-a-psicanalise-online-691x1024.webp\" class=\"attachment-large size-large wp-image-561\" alt=\"\" srcset=\"https:\/\/nowterapia.com.br\/wp-content\/uploads\/2023\/10\/imagem-o-que-e-a-psicanalise-online-691x1024.webp 691w, https:\/\/nowterapia.com.br\/wp-content\/uploads\/2023\/10\/imagem-o-que-e-a-psicanalise-online-203x300.webp 203w, https:\/\/nowterapia.com.br\/wp-content\/uploads\/2023\/10\/imagem-o-que-e-a-psicanalise-online-768x1138.webp 768w, https:\/\/nowterapia.com.br\/wp-content\/uploads\/2023\/10\/imagem-o-que-e-a-psicanalise-online-1037x1536.webp 1037w, https:\/\/nowterapia.com.br\/wp-content\/uploads\/2023\/10\/imagem-o-que-e-a-psicanalise-online-1383x2048.webp 1383w, https:\/\/nowterapia.com.br\/wp-content\/uploads\/2023\/10\/imagem-o-que-e-a-psicanalise-online.webp 1550w\" sizes=\"(max-width: 691px) 100vw, 691px\" \/>\t\t\t\t\t\t\t\t\t\t\t\t\t\t\t<\/div>\n\t\t\t\t<\/div>\n\t\t\t\t<\/div>\n\t\t<div class=\"elementor-element elementor-element-5728e97 e-con-full e-flex e-con e-child\" data-id=\"5728e97\" data-element_type=\"container\">\n\t\t<div class=\"elementor-element elementor-element-79d71fe e-flex e-con-boxed e-con e-child\" data-id=\"79d71fe\" data-element_type=\"container\">\n\t\t\t\t\t<div class=\"e-con-inner\">\n\t\t\t\t<div class=\"elementor-element elementor-element-1f4b86b elementor-widget elementor-widget-heading\" data-id=\"1f4b86b\" data-element_type=\"widget\" data-widget_type=\"heading.default\">\n\t\t\t\t<div class=\"elementor-widget-container\">\n\t\t\t\t\t<h2 class=\"elementor-heading-title elementor-size-default\">O que \u00e9 ?<\/h2>\t\t\t\t<\/div>\n\t\t\t\t<\/div>\n\t\t\t\t<div class=\"elementor-element elementor-element-43c278f elementor-widget elementor-widget-text-editor\" data-id=\"43c278f\" data-element_type=\"widget\" data-widget_type=\"text-editor.default\">\n\t\t\t\t<div class=\"elementor-widget-container\">\n\t\t\t\t\t\t\t\t\tA psicoterapia \u00e9 um conjunto de estrat\u00e9gias e t\u00e9cnicas psicol\u00f3gicas que podem ser usadas em pessoas que buscam lidar com suas emo\u00e7\u00f5es e sentimentos de forma positiva, al\u00e9m de reduzir e\/ou tratar sintomas, transtornos e doen\u00e7as mentais\t\t\t\t\t\t\t\t<\/div>\n\t\t\t\t<\/div>\n\t\t\t\t\t<\/div>\n\t\t\t\t<\/div>\n\t\t<div class=\"elementor-element elementor-element-2e75b20 e-flex e-con-boxed e-con e-child\" data-id=\"2e75b20\" data-element_type=\"container\">\n\t\t\t\t\t<div class=\"e-con-inner\">\n\t\t\t\t<div class=\"elementor-element elementor-element-664fc2b elementor-widget elementor-widget-heading\" data-id=\"664fc2b\" data-element_type=\"widget\" data-widget_type=\"heading.default\">\n\t\t\t\t<div class=\"elementor-widget-container\">\n\t\t\t\t\t<h2 class=\"elementor-heading-title elementor-size-default\">Para quem \u00e9?<\/h2>\t\t\t\t<\/div>\n\t\t\t\t<\/div>\n\t\t\t\t<div class=\"elementor-element elementor-element-9735bc6 elementor-widget elementor-widget-text-editor\" data-id=\"9735bc6\" data-element_type=\"widget\" data-widget_type=\"text-editor.default\">\n\t\t\t\t<div class=\"elementor-widget-container\">\n\t\t\t\t\t\t\t\t\tN\u00e3o h\u00e1 restri\u00e7\u00f5es acerca de quem pode ou n\u00e3o fazer psicoterapia. Ela \u00e9 indicada para todas as idades e n\u00e3o deve ser vista como uma pr\u00e1tica utilizada apenas por quem apresenta dist\u00farbios emocionais. A psicoterapia pode potencializar a felicidade e a satisfa\u00e7\u00e3o de todos que incluem ela em suas vidas\t\t\t\t\t\t\t\t<\/div>\n\t\t\t\t<\/div>\n\t\t\t\t\t<\/div>\n\t\t\t\t<\/div>\n\t\t\t\t<\/div>\n\t\t\t\t\t<\/div>\n\t\t\t\t<\/div>\n\t\t<div class=\"elementor-element elementor-element-6312519 e-flex e-con-boxed e-con e-parent\" data-id=\"6312519\" data-element_type=\"container\">\n\t\t\t\t\t<div class=\"e-con-inner\">\n\t\t<div class=\"elementor-element elementor-element-e6002ba e-flex e-con-boxed e-con e-child\" data-id=\"e6002ba\" data-element_type=\"container\">\n\t\t\t\t\t<div class=\"e-con-inner\">\n\t\t\t\t<div class=\"elementor-element elementor-element-2c56a34 elementor-widget elementor-widget-heading\" data-id=\"2c56a34\" data-element_type=\"widget\" data-widget_type=\"heading.default\">\n\t\t\t\t<div class=\"elementor-widget-container\">\n\t\t\t\t\t<h2 class=\"elementor-heading-title elementor-size-default\">Quais os tipos de psicoterapia?<\/h2>\t\t\t\t<\/div>\n\t\t\t\t<\/div>\n\t\t\t\t<div class=\"elementor-element elementor-element-7688802 elementor-widget elementor-widget-text-editor\" data-id=\"7688802\" data-element_type=\"widget\" data-widget_type=\"text-editor.default\">\n\t\t\t\t<div class=\"elementor-widget-container\">\n\t\t\t\t\t\t\t\t\tS\u00e3o 8 tipos de psicoterapia\t\t\t\t\t\t\t\t<\/div>\n\t\t\t\t<\/div>\n\t\t\t\t<div class=\"elementor-element elementor-element-a8062b9 elementor-widget elementor-widget-image\" data-id=\"a8062b9\" data-element_type=\"widget\" data-widget_type=\"image.default\">\n\t\t\t\t<div class=\"elementor-widget-container\">\n\t\t\t\t\t\t\t\t\t\t\t\t\t\t\t<img decoding=\"async\" width=\"1024\" height=\"614\" src=\"https:\/\/nowterapia.com.br\/wp-content\/uploads\/2023\/10\/Consultorio-de-psicoterapia-online--1024x614.webp\" class=\"attachment-large size-large wp-image-621\" alt=\"\" srcset=\"https:\/\/nowterapia.com.br\/wp-content\/uploads\/2023\/10\/Consultorio-de-psicoterapia-online--1024x614.webp 1024w, https:\/\/nowterapia.com.br\/wp-content\/uploads\/2023\/10\/Consultorio-de-psicoterapia-online--300x180.webp 300w, https:\/\/nowterapia.com.br\/wp-content\/uploads\/2023\/10\/Consultorio-de-psicoterapia-online--768x461.webp 768w, https:\/\/nowterapia.com.br\/wp-content\/uploads\/2023\/10\/Consultorio-de-psicoterapia-online-.webp 1280w\" sizes=\"(max-width: 1024px) 100vw, 1024px\" \/>\t\t\t\t\t\t\t\t\t\t\t\t\t\t\t<\/div>\n\t\t\t\t<\/div>\n\t\t\t\t\t<\/div>\n\t\t\t\t<\/div>\n\t\t<div class=\"elementor-element elementor-element-193a37e e-flex e-con-boxed e-con e-child\" data-id=\"193a37e\" data-element_type=\"container\">\n\t\t\t\t\t<div class=\"e-con-inner\">\n\t\t\t\t<div class=\"elementor-element elementor-element-e6eea0c elementor-align-left elementor-icon-list--layout-traditional elementor-list-item-link-full_width elementor-widget elementor-widget-icon-list\" data-id=\"e6eea0c\" data-element_type=\"widget\" data-widget_type=\"icon-list.default\">\n\t\t\t\t<div class=\"elementor-widget-container\">\n\t\t\t\t\t\t\t<ul class=\"elementor-icon-list-items\">\n\t\t\t\t\t\t\t<li class=\"elementor-icon-list-item\">\n\t\t\t\t\t\t\t\t\t\t<span class=\"elementor-icon-list-text\">Psican\u00e1lise.\u00a0A terapia criada por Freud segue forte.<\/span>\n\t\t\t\t\t\t\t\t\t<\/li>\n\t\t\t\t\t\t\t\t<li class=\"elementor-icon-list-item\">\n\t\t\t\t\t\t\t\t\t\t<span class=\"elementor-icon-list-text\">Junguiana. Os sonhos s\u00e3o a chave da terapia.<\/span>\n\t\t\t\t\t\t\t\t\t<\/li>\n\t\t\t\t\t\t\t\t<li class=\"elementor-icon-list-item\">\n\t\t\t\t\t\t\t\t\t\t<span class=\"elementor-icon-list-text\">Lacaniana.<\/span>\n\t\t\t\t\t\t\t\t\t<\/li>\n\t\t\t\t\t\t\t\t<li class=\"elementor-icon-list-item\">\n\t\t\t\t\t\t\t\t\t\t<span class=\"elementor-icon-list-text\">Cognitivo-Construtivista.<\/span>\n\t\t\t\t\t\t\t\t\t<\/li>\n\t\t\t\t\t\t\t\t<li class=\"elementor-icon-list-item\">\n\t\t\t\t\t\t\t\t\t\t<span class=\"elementor-icon-list-text\">Anal\u00edtico-Comportamental.<\/span>\n\t\t\t\t\t\t\t\t\t<\/li>\n\t\t\t\t\t\t\t\t<li class=\"elementor-icon-list-item\">\n\t\t\t\t\t\t\t\t\t\t<span class=\"elementor-icon-list-text\">Cognitivo-Comportamental.<\/span>\n\t\t\t\t\t\t\t\t\t<\/li>\n\t\t\t\t\t\t\t\t<li class=\"elementor-icon-list-item\">\n\t\t\t\t\t\t\t\t\t\t<span class=\"elementor-icon-list-text\">Psicodrama.<\/span>\n\t\t\t\t\t\t\t\t\t<\/li>\n\t\t\t\t\t\t\t\t<li class=\"elementor-icon-list-item\">\n\t\t\t\t\t\t\t\t\t\t<span class=\"elementor-icon-list-text\">Gestalt-terapia.<\/span>\n\t\t\t\t\t\t\t\t\t<\/li>\n\t\t\t\t\t\t<\/ul>\n\t\t\t\t\t\t<\/div>\n\t\t\t\t<\/div>\n\t\t\t\t\t<\/div>\n\t\t\t\t<\/div>\n\t\t\t\t\t<\/div>\n\t\t\t\t<\/div>\n\t\t<div class=\"elementor-element elementor-element-7a22e6b e-flex e-con-boxed e-con e-parent\" data-id=\"7a22e6b\" data-element_type=\"container\" data-settings=\"{&quot;background_background&quot;:&quot;classic&quot;}\">\n\t\t\t\t\t<div class=\"e-con-inner\">\n\t\t<div class=\"elementor-element elementor-element-6e1800b e-flex e-con-boxed e-con e-child\" data-id=\"6e1800b\" data-element_type=\"container\">\n\t\t\t\t\t<div class=\"e-con-inner\">\n\t\t\t\t<div class=\"elementor-element elementor-element-58c9912 elementor-widget elementor-widget-heading\" data-id=\"58c9912\" data-element_type=\"widget\" data-widget_type=\"heading.default\">\n\t\t\t\t<div class=\"elementor-widget-container\">\n\t\t\t\t\t<h2 class=\"elementor-heading-title elementor-size-default\">Quando uma pessoa precisa de terapia ?<\/h2>\t\t\t\t<\/div>\n\t\t\t\t<\/div>\n\t\t\t\t<div class=\"elementor-element elementor-element-aa89c11 elementor-widget elementor-widget-text-editor\" data-id=\"aa89c11\" data-element_type=\"widget\" data-widget_type=\"text-editor.default\">\n\t\t\t\t<div class=\"elementor-widget-container\">\n\t\t\t\t\t\t\t\t\tConfira, a seguir, alguns dos sintomas que indicam a necessidade imediata de fazer terapia.\n\t\t\t\t\t\t\t\t<\/div>\n\t\t\t\t<\/div>\n\t\t\t\t<div class=\"elementor-element elementor-element-edc2f89 elementor-widget elementor-widget-text-editor\" data-id=\"edc2f89\" data-element_type=\"widget\" data-widget_type=\"text-editor.default\">\n\t\t\t\t<div class=\"elementor-widget-container\">\n\t\t\t\t\t\t\t\t\t<ol class=\"font_8 wixui-rich-text__text\">\n \t<li class=\"wixui-rich-text__text\">\n<p class=\"font_8 wixui-rich-text__text\"><span class=\"wixui-rich-text__text\">Suas emo\u00e7\u00f5es s\u00e3o intensas.<\/span><\/p>\n<\/li>\n \t<li class=\"wixui-rich-text__text\">\n<p class=\"font_8 wixui-rich-text__text\"><span class=\"wixui-rich-text__text\">Voc\u00ea tem pensamento fixo em traumas.<\/span><\/p>\n<\/li>\n \t<li class=\"wixui-rich-text__text\">\n<p class=\"font_8 wixui-rich-text__text\"><span class=\"wixui-rich-text__text\">Voc\u00ea se sente desmotivado.<\/span><\/p>\n<\/li>\n \t<li class=\"wixui-rich-text__text\">\n<p class=\"font_8 wixui-rich-text__text\"><span class=\"wixui-rich-text__text\">Seu humor varia constantemente.<\/span><\/p>\n<\/li>\n \t<li class=\"wixui-rich-text__text\">\n<p class=\"font_8 wixui-rich-text__text\"><span class=\"wixui-rich-text__text\">Seu rendimento no trabalho est\u00e1 muito baixo.<\/span><\/p>\n<\/li>\n \t<li class=\"wixui-rich-text__text\">\n<p class=\"font_8 wixui-rich-text__text\"><span class=\"wixui-rich-text__text\">Suas rela\u00e7\u00f5es s\u00e3o dif\u00edceis.<\/span><\/p>\n<\/li>\n<\/ol>\t\t\t\t\t\t\t\t<\/div>\n\t\t\t\t<\/div>\n\t\t\t\t\t<\/div>\n\t\t\t\t<\/div>\n\t\t<div class=\"elementor-element elementor-element-0105ebe e-flex e-con-boxed e-con e-child\" data-id=\"0105ebe\" data-element_type=\"container\">\n\t\t\t\t\t<div class=\"e-con-inner\">\n\t\t\t\t<div class=\"elementor-element elementor-element-9a2abf4 elementor-widget elementor-widget-heading\" data-id=\"9a2abf4\" data-element_type=\"widget\" data-widget_type=\"heading.default\">\n\t\t\t\t<div class=\"elementor-widget-container\">\n\t\t\t\t\t<h2 class=\"elementor-heading-title elementor-size-default\">O que se faz em uma terapia ?\n<\/h2>\t\t\t\t<\/div>\n\t\t\t\t<\/div>\n\t\t\t\t<div class=\"elementor-element elementor-element-35a30b3 elementor-widget elementor-widget-text-editor\" data-id=\"35a30b3\" data-element_type=\"widget\" data-widget_type=\"text-editor.default\">\n\t\t\t\t<div class=\"elementor-widget-container\">\n\t\t\t\t\t\t\t\t\tA terapia \u00e9 altamente indicada para tratar tipos diversos de patologias cl\u00ednicas, como a depend\u00eancia qu\u00edmica, depress\u00e3o ou esquizofrenia. A pr\u00e1tica auxilia na recupera\u00e7\u00e3o desse tipo de sofrimento mental permanente ou tempor\u00e1rio\t\t\t\t\t\t\t\t<\/div>\n\t\t\t\t<\/div>\n\t\t\t\t<div class=\"elementor-element elementor-element-786688a elementor-widget elementor-widget-heading\" data-id=\"786688a\" data-element_type=\"widget\" data-widget_type=\"heading.default\">\n\t\t\t\t<div class=\"elementor-widget-container\">\n\t\t\t\t\t<h2 class=\"elementor-heading-title elementor-size-default\">Que tal agendar uma consulta online?<\/h2>\t\t\t\t<\/div>\n\t\t\t\t<\/div>\n\t\t\t\t<div class=\"elementor-element elementor-element-6adab5c elementor-align-right elementor-widget elementor-widget-button\" data-id=\"6adab5c\" data-element_type=\"widget\" data-widget_type=\"button.default\">\n\t\t\t\t<div class=\"elementor-widget-container\">\n\t\t\t\t\t\t\t\t\t<div class=\"elementor-button-wrapper\">\n\t\t\t\t\t<a class=\"elementor-button elementor-button-link elementor-size-sm\" href=\"https:\/\/api.whatsapp.com\/send\/?phone=5511994570723&#038;text=Ol%C3%A1.+Quero+maiores+informa%C3%A7%C3%B5es+sobre+o+atendimento+e+a+consulta.+Pode+me+ajudar%3F&#038;type=phone_number&#038;app_absent=0\" target=\"_blank\" rel=\"noopener\">\n\t\t\t\t\t\t<span class=\"elementor-button-content-wrapper\">\n\t\t\t\t\t\t\t\t\t<span class=\"elementor-button-text\">agendamento<\/span>\n\t\t\t\t\t<\/span>\n\t\t\t\t\t<\/a>\n\t\t\t\t<\/div>\n\t\t\t\t\t\t\t\t<\/div>\n\t\t\t\t<\/div>\n\t\t\t\t\t<\/div>\n\t\t\t\t<\/div>\n\t\t\t\t\t<\/div>\n\t\t\t\t<\/div>\n\t\t\t\t<\/div>\n\t\t","protected":false},"excerpt":{"rendered":"<p>Criada pelo neurologista austr\u00edaco Sigmund Freud (1856 \u2013 1939), a psican\u00e1lise se baseia numa investiga\u00e7\u00e3o cl\u00ednica dos processos mentais inconscientes do sujeito. Isso se d\u00e1, sobretudo, por meio da associa\u00e7\u00e3o livre: um convite ao analisando para expressar tudo aquilo que passa pela sua mente durante uma sess\u00e3o de an\u00e1lise.No processo anal\u00edtico, s\u00e3o utilizados m\u00e9todos espec\u00edficos, [&hellip;]<\/p>\n","protected":false},"author":2,"featured_media":0,"parent":0,"menu_order":0,"comment_status":"closed","ping_status":"closed","template":"","meta":{"site-sidebar-layout":"no-sidebar","site-content-layout":"","ast-site-content-layout":"full-width-container","site-content-style":"default","site-sidebar-style":"default","ast-global-header-display":"","ast-banner-title-visibility":"","ast-main-header-display":"","ast-hfb-above-header-display":"","ast-hfb-below-header-display":"","ast-hfb-mobile-header-display":"","site-post-title":"disabled","ast-breadcrumbs-content":"","ast-featured-img":"disabled","footer-sml-layout":"","theme-transparent-header-meta":"","adv-header-id-meta":"","stick-header-meta":"","header-above-stick-meta":"","header-main-stick-meta":"","header-below-stick-meta":"","astra-migrate-meta-layouts":"default","ast-page-background-enabled":"default","ast-page-background-meta":{"desktop":{"background-color":"var(--ast-global-color-4)","background-image":"","background-repeat":"repeat","background-position":"center center","background-size":"auto","background-attachment":"scroll","background-type":"","background-media":"","overlay-type":"","overlay-color":"","overlay-opacity":"","overlay-gradient":""},"tablet":{"background-color":"","background-image":"","background-repeat":"repeat","background-position":"center center","background-size":"auto","background-attachment":"scroll","background-type":"","background-media":"","overlay-type":"","overlay-color":"","overlay-opacity":"","overlay-gradient":""},"mobile":{"background-color":"","background-image":"","background-repeat":"repeat","background-position":"center center","background-size":"auto","background-attachment":"scroll","background-type":"","background-media":"","overlay-type":"","overlay-color":"","overlay-opacity":"","overlay-gradient":""}},"ast-content-background-meta":{"desktop":{"background-color":"var(--ast-global-color-5)","background-image":"","background-repeat":"repeat","background-position":"center center","background-size":"auto","background-attachment":"scroll","background-type":"","background-media":"","overlay-type":"","overlay-color":"","overlay-opacity":"","overlay-gradient":""},"tablet":{"background-color":"var(--ast-global-color-5)","background-image":"","background-repeat":"repeat","background-position":"center center","background-size":"auto","background-attachment":"scroll","background-type":"","background-media":"","overlay-type":"","overlay-color":"","overlay-opacity":"","overlay-gradient":""},"mobile":{"background-color":"var(--ast-global-color-5)","background-image":"","background-repeat":"repeat","background-position":"center center","background-size":"auto","background-attachment":"scroll","background-type":"","background-media":"","overlay-type":"","overlay-color":"","overlay-opacity":"","overlay-gradient":""}},"footnotes":""},"class_list":["post-548","page","type-page","status-publish","hentry"],"_links":{"self":[{"href":"https:\/\/nowterapia.com.br\/index.php?rest_route=\/wp\/v2\/pages\/548","targetHints":{"allow":["GET"]}}],"collection":[{"href":"https:\/\/nowterapia.com.br\/index.php?rest_route=\/wp\/v2\/pages"}],"about":[{"href":"https:\/\/nowterapia.com.br\/index.php?rest_route=\/wp\/v2\/types\/page"}],"author":[{"embeddable":true,"href":"https:\/\/nowterapia.com.br\/index.php?rest_route=\/wp\/v2\/users\/2"}],"replies":[{"embeddable":true,"href":"https:\/\/nowterapia.com.br\/index.php?rest_route=%2Fwp%2Fv2%2Fcomments&post=548"}],"version-history":[{"count":98,"href":"https:\/\/nowterapia.com.br\/index.php?rest_route=\/wp\/v2\/pages\/548\/revisions"}],"predecessor-version":[{"id":914,"href":"https:\/\/nowterapia.com.br\/index.php?rest_route=\/wp\/v2\/pages\/548\/revisions\/914"}],"wp:attachment":[{"href":"https:\/\/nowterapia.com.br\/index.php?rest_route=%2Fwp%2Fv2%2Fmedia&parent=548"}],"curies":[{"name":"wp","href":"https:\/\/api.w.org\/{rel}","templated":true}]}}